{"id":22114,"date":"2022-07-07T14:24:32","date_gmt":"2022-07-07T12:24:32","guid":{"rendered":"https:\/\/imedias.univ-poitiers.fr\/pedagolab\/?page_id=22114"},"modified":"2022-07-07T14:24:57","modified_gmt":"2022-07-07T12:24:57","slug":"boite-a-idees","status":"publish","type":"page","link":"https:\/\/imedias.univ-poitiers.fr\/pedagolab\/boite-a-idees\/","title":{"rendered":"Bo\u00eete \u00e0 id\u00e9es"},"content":{"rendered":"","protected":false},"excerpt":{"rendered":"","protected":false},"author":526,"featured_media":0,"parent":0,"menu_order":0,"comment_status":"closed","ping_status":"closed","template":"","meta":{"_relevanssi_hide_post":"","_relevanssi_hide_content":"","_relevanssi_pin_for_all":"","_relevanssi_pin_keywords":"","_relevanssi_unpin_keywords":"","_relevanssi_related_keywords":"","_relevanssi_related_include_ids":"","_relevanssi_related_exclude_ids":"","_relevanssi_related_no_append":"","_relevanssi_related_not_related":"","_relevanssi_related_posts":"","_relevanssi_noindex_reason":""},"acf":[],"_links":{"self":[{"href":"https:\/\/imedias.univ-poitiers.fr\/pedagolab\/wp-json\/wp\/v2\/pages\/22114"}],"collection":[{"href":"https:\/\/imedias.univ-poitiers.fr\/pedagolab\/wp-json\/wp\/v2\/pages"}],"about":[{"href":"https:\/\/imedias.univ-poitiers.fr\/pedagolab\/wp-json\/wp\/v2\/types\/page"}],"author":[{"embeddable":true,"href":"https:\/\/imedias.univ-poitiers.fr\/pedagolab\/wp-json\/wp\/v2\/users\/526"}],"replies":[{"embeddable":true,"href":"https:\/\/imedias.univ-poitiers.fr\/pedagolab\/wp-json\/wp\/v2\/comments?post=22114"}],"version-history":[{"count":2,"href":"https:\/\/imedias.univ-poitiers.fr\/pedagolab\/wp-json\/wp\/v2\/pages\/22114\/revisions"}],"predecessor-version":[{"id":22116,"href":"https:\/\/imedias.univ-poitiers.fr\/pedagolab\/wp-json\/wp\/v2\/pages\/22114\/revisions\/22116"}],"wp:attachment":[{"href":"https:\/\/imedias.univ-poitiers.fr\/pedagolab\/wp-json\/wp\/v2\/media?parent=22114"}],"curies":[{"name":"wp","href":"https:\/\/api.w.org\/{rel}","templated":true}]}}